{"id":165,"date":"2018-07-16T10:08:50","date_gmt":"2018-07-16T08:08:50","guid":{"rendered":"http:\/\/demo.acmethemes.com\/lawyer-zone\/?page_id=30"},"modified":"2022-05-02T11:21:48","modified_gmt":"2022-05-02T09:21:48","slug":"kvalitni-pravni-servis","status":"publish","type":"page","link":"https:\/\/www.advokatcr.cz\/en\/kvalitni-pravni-servis\/","title":{"rendered":"Quality legal service"},"content":{"rendered":"\n<p><\/p>\n\n\n","protected":false},"excerpt":{"rendered":"<p>You receive a functioning and effective solution that you understand, within the agreed deadline. We inform you about possible risks.<br \/>\nThis is how we work since 2009.<\/p>\n","protected":false},"author":2,"featured_media":0,"parent":0,"menu_order":0,"comment_status":"closed","ping_status":"closed","template":"","meta":[],"translation":{"provider":"WPGlobus","version":"2.10.4","language":"en","enabled_languages":["cz","en"],"languages":{"cz":{"title":true,"content":true,"excerpt":true},"en":{"title":true,"content":false,"excerpt":true}}},"yoast_head":"<!-- This site is optimized with the Yoast SEO plugin v19.6.1 - https:\/\/yoast.com\/wordpress\/plugins\/seo\/ -->\n<title>Quality legal service - advokatcr.cz<\/title>\n<meta name=\"robots\" content=\"index, follow, max-snippet:-1, max-image-preview:large, max-video-preview:-1\" \/>\n<link rel=\"canonical\" href=\"https:\/\/www.advokatcr.cz\/kvalitni-pravni-servis\/\" \/>\n<meta property=\"og:locale\" content=\"en_GB\" \/>\n<meta property=\"og:type\" content=\"article\" \/>\n<meta property=\"og:title\" content=\"Quality legal service - advokatcr.cz\" \/>\n<meta property=\"og:url\" content=\"https:\/\/www.advokatcr.cz\/kvalitni-pravni-servis\/\" \/>\n<meta property=\"og:site_name\" content=\"advokatcr.cz\" \/>\n<meta property=\"article:modified_time\" content=\"2022-05-02T09:21:48+00:00\" \/>\n<meta name=\"twitter:card\" content=\"summary_large_image\" \/>\n<script type=\"application\/ld+json\" class=\"yoast-schema-graph\">{\"@context\":\"https:\/\/schema.org\",\"@graph\":[{\"@type\":\"WebPage\",\"@id\":\"https:\/\/www.advokatcr.cz\/kvalitni-pravni-servis\/\",\"url\":\"https:\/\/www.advokatcr.cz\/kvalitni-pravni-servis\/\",\"name\":\"Quality legal service - advokatcr.cz\",\"isPartOf\":{\"@id\":\"https:\/\/www.advokatcr.cz\/#website\"},\"datePublished\":\"2018-07-16T08:08:50+00:00\",\"dateModified\":\"2022-05-02T09:21:48+00:00\",\"breadcrumb\":{\"@id\":\"https:\/\/www.advokatcr.cz\/kvalitni-pravni-servis\/#breadcrumb\"},\"inLanguage\":\"en-GB\",\"potentialAction\":[{\"@type\":\"ReadAction\",\"target\":[\"https:\/\/www.advokatcr.cz\/kvalitni-pravni-servis\/\"]}]},{\"@type\":\"BreadcrumbList\",\"@id\":\"https:\/\/www.advokatcr.cz\/kvalitni-pravni-servis\/#breadcrumb\",\"itemListElement\":[{\"@type\":\"ListItem\",\"position\":1,\"name\":\"Home\",\"item\":\"https:\/\/www.advokatcr.cz\/\"},{\"@type\":\"ListItem\",\"position\":2,\"name\":\"Kvalitn\u00ed pr\u00e1vn\u00ed servis\"}]},{\"@type\":\"WebSite\",\"@id\":\"https:\/\/www.advokatcr.cz\/#website\",\"url\":\"https:\/\/www.advokatcr.cz\/\",\"name\":\"advokatcr.cz\",\"description\":\"advokatcr.cz\",\"publisher\":{\"@id\":\"https:\/\/www.advokatcr.cz\/#organization\"},\"potentialAction\":[{\"@type\":\"SearchAction\",\"target\":{\"@type\":\"EntryPoint\",\"urlTemplate\":\"https:\/\/www.advokatcr.cz\/?s={search_term_string}\"},\"query-input\":\"required name=search_term_string\"}],\"inLanguage\":\"en-GB\"},{\"@type\":\"Organization\",\"@id\":\"https:\/\/www.advokatcr.cz\/#organization\",\"name\":\"advokatcr.cz\",\"url\":\"https:\/\/www.advokatcr.cz\/\",\"sameAs\":[],\"logo\":{\"@type\":\"ImageObject\",\"inLanguage\":\"en-GB\",\"@id\":\"https:\/\/www.advokatcr.cz\/#\/schema\/logo\/image\/\",\"url\":\"https:\/\/www.advokatcr.cz\/wp-content\/uploads\/2022\/04\/AKF_logo.png\",\"contentUrl\":\"https:\/\/www.advokatcr.cz\/wp-content\/uploads\/2022\/04\/AKF_logo.png\",\"width\":773,\"height\":116,\"caption\":\"advokatcr.cz\"},\"image\":{\"@id\":\"https:\/\/www.advokatcr.cz\/#\/schema\/logo\/image\/\"}}]}<\/script>\n<!-- \/ Yoast SEO plugin. -->","yoast_head_json":{"title":"Quality legal service - advokatcr.cz","robots":{"index":"index","follow":"follow","max-snippet":"max-snippet:-1","max-image-preview":"max-image-preview:large","max-video-preview":"max-video-preview:-1"},"canonical":"https:\/\/www.advokatcr.cz\/kvalitni-pravni-servis\/","og_locale":"en_GB","og_type":"article","og_title":"Quality legal service - advokatcr.cz","og_url":"https:\/\/www.advokatcr.cz\/kvalitni-pravni-servis\/","og_site_name":"advokatcr.cz","article_modified_time":"2022-05-02T09:21:48+00:00","twitter_card":"summary_large_image","schema":{"@context":"https:\/\/schema.org","@graph":[{"@type":"WebPage","@id":"https:\/\/www.advokatcr.cz\/kvalitni-pravni-servis\/","url":"https:\/\/www.advokatcr.cz\/kvalitni-pravni-servis\/","name":"Quality legal service - advokatcr.cz","isPartOf":{"@id":"https:\/\/www.advokatcr.cz\/#website"},"datePublished":"2018-07-16T08:08:50+00:00","dateModified":"2022-05-02T09:21:48+00:00","breadcrumb":{"@id":"https:\/\/www.advokatcr.cz\/kvalitni-pravni-servis\/#breadcrumb"},"inLanguage":"en-GB","potentialAction":[{"@type":"ReadAction","target":["https:\/\/www.advokatcr.cz\/kvalitni-pravni-servis\/"]}]},{"@type":"BreadcrumbList","@id":"https:\/\/www.advokatcr.cz\/kvalitni-pravni-servis\/#breadcrumb","itemListElement":[{"@type":"ListItem","position":1,"name":"Home","item":"https:\/\/www.advokatcr.cz\/"},{"@type":"ListItem","position":2,"name":"Kvalitn\u00ed pr\u00e1vn\u00ed servis"}]},{"@type":"WebSite","@id":"https:\/\/www.advokatcr.cz\/#website","url":"https:\/\/www.advokatcr.cz\/","name":"advokatcr.cz","description":"advokatcr.cz","publisher":{"@id":"https:\/\/www.advokatcr.cz\/#organization"},"potentialAction":[{"@type":"SearchAction","target":{"@type":"EntryPoint","urlTemplate":"https:\/\/www.advokatcr.cz\/?s={search_term_string}"},"query-input":"required name=search_term_string"}],"inLanguage":"en-GB"},{"@type":"Organization","@id":"https:\/\/www.advokatcr.cz\/#organization","name":"advokatcr.cz","url":"https:\/\/www.advokatcr.cz\/","sameAs":[],"logo":{"@type":"ImageObject","inLanguage":"en-GB","@id":"https:\/\/www.advokatcr.cz\/#\/schema\/logo\/image\/","url":"https:\/\/www.advokatcr.cz\/wp-content\/uploads\/2022\/04\/AKF_logo.png","contentUrl":"https:\/\/www.advokatcr.cz\/wp-content\/uploads\/2022\/04\/AKF_logo.png","width":773,"height":116,"caption":"advokatcr.cz"},"image":{"@id":"https:\/\/www.advokatcr.cz\/#\/schema\/logo\/image\/"}}]}},"_links":{"self":[{"href":"https:\/\/www.advokatcr.cz\/en\/wp-json\/wp\/v2\/pages\/165"}],"collection":[{"href":"https:\/\/www.advokatcr.cz\/en\/wp-json\/wp\/v2\/pages"}],"about":[{"href":"https:\/\/www.advokatcr.cz\/en\/wp-json\/wp\/v2\/types\/page"}],"author":[{"embeddable":true,"href":"https:\/\/www.advokatcr.cz\/en\/wp-json\/wp\/v2\/users\/2"}],"replies":[{"embeddable":true,"href":"https:\/\/www.advokatcr.cz\/en\/wp-json\/wp\/v2\/comments?post=165"}],"version-history":[{"count":13,"href":"https:\/\/www.advokatcr.cz\/en\/wp-json\/wp\/v2\/pages\/165\/revisions"}],"predecessor-version":[{"id":781,"href":"https:\/\/www.advokatcr.cz\/en\/wp-json\/wp\/v2\/pages\/165\/revisions\/781"}],"wp:attachment":[{"href":"https:\/\/www.advokatcr.cz\/en\/wp-json\/wp\/v2\/media?parent=165"}],"curies":[{"name":"wp","href":"https:\/\/api.w.org\/{rel}","templated":true}]}}