{"id":20,"date":"2021-05-18T23:17:19","date_gmt":"2021-05-18T21:17:19","guid":{"rendered":"https:\/\/www.advokatcr.cz\/?page_id=20"},"modified":"2022-03-27T17:18:33","modified_gmt":"2022-03-27T15:18:33","slug":"the-new-umoma-opens-its-doors-2","status":"publish","type":"page","link":"https:\/\/www.advokatcr.cz\/en\/the-new-umoma-opens-its-doors-2\/","title":{"rendered":"Legal services"},"content":{"rendered":"\n<div class=\"wp-container-1 wp-block-group alignwide\"><div class=\"wp-block-group__inner-container\">\n<div class=\"wp-block-columns alignfull\">\n<div class=\"wp-block-column\" style=\"flex-basis:100%\">\n<h4 class=\"alignfull has-text-align-center\">S&nbsp;maxim\u00e1ln\u00ed p\u00e9\u010d\u00ed V\u00e1m poskytneme kompletn\u00ed <strong>pr\u00e1vn\u00ed slu\u017eby<\/strong> podle Va\u0161ich pot\u0159eb, na m\u00edru a za rozumnou cenu. A\u0165 ji\u017e \u017eijete v&nbsp;jak\u00e9koli \u010d\u00e1sti na\u0161\u00ed zem\u011b. Ve\u0161ker\u00e9 <strong>pr\u00e1vn\u00ed slu\u017eby<\/strong> poskytujeme tak\u00e9 v&nbsp;anglick\u00e9m jazyce.<\/h4>\n<\/div>\n<\/div>\n<\/div><\/div>\n\n\n\n<p class=\"has-normal-font-size\"><\/p>\n","protected":false},"excerpt":{"rendered":"<p>S&nbsp;maxim\u00e1ln\u00ed p\u00e9\u010d\u00ed V\u00e1m poskytneme kompletn\u00ed pr\u00e1vn\u00ed slu\u017eby podle Va\u0161ich pot\u0159eb, na m\u00edru a za rozumnou cenu. A\u0165 ji\u017e \u017eijete v&nbsp;jak\u00e9koli \u010d\u00e1sti na\u0161\u00ed zem\u011b. Ve\u0161ker\u00e9 pr\u00e1vn\u00ed slu\u017eby poskytujeme tak\u00e9 v&nbsp;anglick\u00e9m jazyce.<\/p>\n","protected":false},"author":1,"featured_media":0,"parent":0,"menu_order":0,"comment_status":"closed","ping_status":"closed","template":"","meta":[],"translation":{"provider":"WPGlobus","version":"2.10.4","language":"en","enabled_languages":["cz","en"],"languages":{"cz":{"title":true,"content":true,"excerpt":false},"en":{"title":true,"content":false,"excerpt":false}}},"yoast_head":"<!-- This site is optimized with the Yoast SEO plugin v19.6.1 - https:\/\/yoast.com\/wordpress\/plugins\/seo\/ -->\n<title>Legal services - advokatcr.cz<\/title>\n<meta name=\"robots\" content=\"index, follow, max-snippet:-1, max-image-preview:large, max-video-preview:-1\" \/>\n<link rel=\"canonical\" href=\"https:\/\/www.advokatcr.cz\/the-new-umoma-opens-its-doors-2\/\" \/>\n<meta property=\"og:locale\" content=\"en_GB\" \/>\n<meta property=\"og:type\" content=\"article\" \/>\n<meta property=\"og:title\" content=\"Legal services - advokatcr.cz\" \/>\n<meta property=\"og:url\" content=\"https:\/\/www.advokatcr.cz\/the-new-umoma-opens-its-doors-2\/\" \/>\n<meta property=\"og:site_name\" content=\"advokatcr.cz\" \/>\n<meta property=\"article:modified_time\" content=\"2022-03-27T15:18:33+00:00\" \/>\n<meta name=\"twitter:card\" content=\"summary_large_image\" \/>\n<meta name=\"twitter:label1\" content=\"Estimated reading time\" \/>\n\t<meta name=\"twitter:data1\" content=\"1 minute\" \/>\n<script type=\"application\/ld+json\" class=\"yoast-schema-graph\">{\"@context\":\"https:\/\/schema.org\",\"@graph\":[{\"@type\":\"WebPage\",\"@id\":\"https:\/\/www.advokatcr.cz\/the-new-umoma-opens-its-doors-2\/\",\"url\":\"https:\/\/www.advokatcr.cz\/the-new-umoma-opens-its-doors-2\/\",\"name\":\"Legal services - advokatcr.cz\",\"isPartOf\":{\"@id\":\"https:\/\/www.advokatcr.cz\/#website\"},\"datePublished\":\"2021-05-18T21:17:19+00:00\",\"dateModified\":\"2022-03-27T15:18:33+00:00\",\"breadcrumb\":{\"@id\":\"https:\/\/www.advokatcr.cz\/the-new-umoma-opens-its-doors-2\/#breadcrumb\"},\"inLanguage\":\"en-GB\",\"potentialAction\":[{\"@type\":\"ReadAction\",\"target\":[\"https:\/\/www.advokatcr.cz\/the-new-umoma-opens-its-doors-2\/\"]}]},{\"@type\":\"BreadcrumbList\",\"@id\":\"https:\/\/www.advokatcr.cz\/the-new-umoma-opens-its-doors-2\/#breadcrumb\",\"itemListElement\":[{\"@type\":\"ListItem\",\"position\":1,\"name\":\"Home\",\"item\":\"https:\/\/www.advokatcr.cz\/\"},{\"@type\":\"ListItem\",\"position\":2,\"name\":\"Pr\u00e1vn\u00ed slu\u017eby\"}]},{\"@type\":\"WebSite\",\"@id\":\"https:\/\/www.advokatcr.cz\/#website\",\"url\":\"https:\/\/www.advokatcr.cz\/\",\"name\":\"advokatcr.cz\",\"description\":\"advokatcr.cz\",\"publisher\":{\"@id\":\"https:\/\/www.advokatcr.cz\/#organization\"},\"potentialAction\":[{\"@type\":\"SearchAction\",\"target\":{\"@type\":\"EntryPoint\",\"urlTemplate\":\"https:\/\/www.advokatcr.cz\/?s={search_term_string}\"},\"query-input\":\"required name=search_term_string\"}],\"inLanguage\":\"en-GB\"},{\"@type\":\"Organization\",\"@id\":\"https:\/\/www.advokatcr.cz\/#organization\",\"name\":\"advokatcr.cz\",\"url\":\"https:\/\/www.advokatcr.cz\/\",\"sameAs\":[],\"logo\":{\"@type\":\"ImageObject\",\"inLanguage\":\"en-GB\",\"@id\":\"https:\/\/www.advokatcr.cz\/#\/schema\/logo\/image\/\",\"url\":\"https:\/\/www.advokatcr.cz\/wp-content\/uploads\/2022\/04\/AKF_logo.png\",\"contentUrl\":\"https:\/\/www.advokatcr.cz\/wp-content\/uploads\/2022\/04\/AKF_logo.png\",\"width\":773,\"height\":116,\"caption\":\"advokatcr.cz\"},\"image\":{\"@id\":\"https:\/\/www.advokatcr.cz\/#\/schema\/logo\/image\/\"}}]}<\/script>\n<!-- \/ Yoast SEO plugin. -->","yoast_head_json":{"title":"Legal services - advokatcr.cz","robots":{"index":"index","follow":"follow","max-snippet":"max-snippet:-1","max-image-preview":"max-image-preview:large","max-video-preview":"max-video-preview:-1"},"canonical":"https:\/\/www.advokatcr.cz\/the-new-umoma-opens-its-doors-2\/","og_locale":"en_GB","og_type":"article","og_title":"Legal services - advokatcr.cz","og_url":"https:\/\/www.advokatcr.cz\/the-new-umoma-opens-its-doors-2\/","og_site_name":"advokatcr.cz","article_modified_time":"2022-03-27T15:18:33+00:00","twitter_card":"summary_large_image","twitter_misc":{"Estimated reading time":"1 minute"},"schema":{"@context":"https:\/\/schema.org","@graph":[{"@type":"WebPage","@id":"https:\/\/www.advokatcr.cz\/the-new-umoma-opens-its-doors-2\/","url":"https:\/\/www.advokatcr.cz\/the-new-umoma-opens-its-doors-2\/","name":"Legal services - advokatcr.cz","isPartOf":{"@id":"https:\/\/www.advokatcr.cz\/#website"},"datePublished":"2021-05-18T21:17:19+00:00","dateModified":"2022-03-27T15:18:33+00:00","breadcrumb":{"@id":"https:\/\/www.advokatcr.cz\/the-new-umoma-opens-its-doors-2\/#breadcrumb"},"inLanguage":"en-GB","potentialAction":[{"@type":"ReadAction","target":["https:\/\/www.advokatcr.cz\/the-new-umoma-opens-its-doors-2\/"]}]},{"@type":"BreadcrumbList","@id":"https:\/\/www.advokatcr.cz\/the-new-umoma-opens-its-doors-2\/#breadcrumb","itemListElement":[{"@type":"ListItem","position":1,"name":"Home","item":"https:\/\/www.advokatcr.cz\/"},{"@type":"ListItem","position":2,"name":"Pr\u00e1vn\u00ed slu\u017eby"}]},{"@type":"WebSite","@id":"https:\/\/www.advokatcr.cz\/#website","url":"https:\/\/www.advokatcr.cz\/","name":"advokatcr.cz","description":"advokatcr.cz","publisher":{"@id":"https:\/\/www.advokatcr.cz\/#organization"},"potentialAction":[{"@type":"SearchAction","target":{"@type":"EntryPoint","urlTemplate":"https:\/\/www.advokatcr.cz\/?s={search_term_string}"},"query-input":"required name=search_term_string"}],"inLanguage":"en-GB"},{"@type":"Organization","@id":"https:\/\/www.advokatcr.cz\/#organization","name":"advokatcr.cz","url":"https:\/\/www.advokatcr.cz\/","sameAs":[],"logo":{"@type":"ImageObject","inLanguage":"en-GB","@id":"https:\/\/www.advokatcr.cz\/#\/schema\/logo\/image\/","url":"https:\/\/www.advokatcr.cz\/wp-content\/uploads\/2022\/04\/AKF_logo.png","contentUrl":"https:\/\/www.advokatcr.cz\/wp-content\/uploads\/2022\/04\/AKF_logo.png","width":773,"height":116,"caption":"advokatcr.cz"},"image":{"@id":"https:\/\/www.advokatcr.cz\/#\/schema\/logo\/image\/"}}]}},"_links":{"self":[{"href":"https:\/\/www.advokatcr.cz\/en\/wp-json\/wp\/v2\/pages\/20"}],"collection":[{"href":"https:\/\/www.advokatcr.cz\/en\/wp-json\/wp\/v2\/pages"}],"about":[{"href":"https:\/\/www.advokatcr.cz\/en\/wp-json\/wp\/v2\/types\/page"}],"author":[{"embeddable":true,"href":"https:\/\/www.advokatcr.cz\/en\/wp-json\/wp\/v2\/users\/1"}],"replies":[{"embeddable":true,"href":"https:\/\/www.advokatcr.cz\/en\/wp-json\/wp\/v2\/comments?post=20"}],"version-history":[{"count":2,"href":"https:\/\/www.advokatcr.cz\/en\/wp-json\/wp\/v2\/pages\/20\/revisions"}],"predecessor-version":[{"id":557,"href":"https:\/\/www.advokatcr.cz\/en\/wp-json\/wp\/v2\/pages\/20\/revisions\/557"}],"wp:attachment":[{"href":"https:\/\/www.advokatcr.cz\/en\/wp-json\/wp\/v2\/media?parent=20"}],"curies":[{"name":"wp","href":"https:\/\/api.w.org\/{rel}","templated":true}]}}